{"id":2624,"date":"2018-08-10T14:44:30","date_gmt":"2018-08-10T14:44:30","guid":{"rendered":"http:\/\/www.itotrans.com\/?page_id=2624\/"},"modified":"2018-08-10T15:12:06","modified_gmt":"2018-08-10T15:12:06","slug":"dokme-sivi-tasimaciligi","status":"publish","type":"page","link":"http:\/\/itotrans.com\/tr\/?page_id=2624","title":{"rendered":"D\u00f6kme S\u0131v\u0131 Ta\u015f\u0131mac\u0131l\u0131\u011f\u0131"},"content":{"rendered":"<p>&nbsp;<\/p>\n<p style=\"text-align: left;\">\u00a0<strong>\u0130.T.O TRANS uluslararas\u0131 ta\u015f\u0131mac\u0131l\u0131k\u00a0<\/strong>olarak D\u00d6KME SIVI TA\u015eIMASI T\u00dcRK\u0130YE&#8217;DEN iRAN&#8217;A VE ORTADO\u011eUYA TENTEL\u0130 T\u0130RLAR\u0130M\u0130Z \u0130LE YAPMAKDAY\u0130Z.<br \/>\nFLEXTANK KULLANIMI \u0130LE TIRLARIMIZI KOLAYLIKLA KARA TANKER\u0130NE VEYA TANK KONTEYNERE D\u00d6N\u00dc\u015eT\u00dcREB\u0130L\u0130YORUZ.<br \/>\nTEK YAPILMASI GEREKEN TA\u015eIMA YAPILACAK TIRIN TA\u015eIMA KAPAS\u0130TES\u0130NE VE TA\u015eINACAK SIVININ \u00d6ZG\u00dcL A\u011eIRLI\u011eINA G\u00d6RE<br \/>\nKULLANILACAK FLEXTANK\u2019\u0130N HACM\u0130NE KARAR VERMEKT\u0130R.<br \/>\n16000 LT. \/ 18000 LT. \/ 20000 LT. \/ 22000 LT. \/ 24000 LT.<\/p>\n<p style=\"text-align: left;\">FLEXTANK\u2019\u0130N HACM\u0130 TIRIN TA\u015eIMA KAPAS\u0130TES\u0130NE VE TA\u015eINACAK SIVININ \u00d6ZG\u00dcL A\u011eIRLI\u011eINA BA\u011eLIDIR.<\/p>\n<h4 style=\"text-align: center;\">\u00a0A\u015fa\u011f\u0131da listelenmi\u015f olan \u00fcr\u00fcnlerin ta\u015f\u0131nmas\u0131 i\u00e7in FlexTank kulanabiliyoruz.<\/h4>\n<table style=\"height: 537px;\" width=\"1380\">\n<thead>\n<tr>\n<th>\n<h4 style=\"text-align: center;\">S\u0131v\u0131 G\u0131dalar<\/h4>\n<\/th>\n<th>\n<h4 style=\"text-align: center;\">S\u0131v\u0131 Kimyasallar<\/h4>\n<\/th>\n<\/tr>\n<\/thead>\n<tbody>\n<tr>\n<td style=\"text-align: center;\">\u015earap<\/td>\n<td style=\"text-align: center;\">Deterjanlar<\/td>\n<\/tr>\n<tr>\n<td style=\"text-align: center;\">Meyve Suyu<\/td>\n<td style=\"text-align: center;\">Makine Ya\u011flar\u0131<\/td>\n<\/tr>\n<tr>\n<td style=\"text-align: center;\">Meyve Suyu Konsantresi<\/td>\n<td style=\"text-align: center;\">Ya\u011flama Maddeleri<\/td>\n<\/tr>\n<tr>\n<td style=\"text-align: center;\">Maden Suyu<\/td>\n<td style=\"text-align: center;\">Trafo Ya\u011f\u0131<\/td>\n<\/tr>\n<tr>\n<td style=\"text-align: center;\">\u0130\u00e7me Suyu<\/td>\n<td style=\"text-align: center;\">Parafin<\/td>\n<\/tr>\n<tr>\n<td style=\"text-align: center;\">Domates Suyu<\/td>\n<td style=\"text-align: center;\">Bal Mumu<\/td>\n<\/tr>\n<tr>\n<td style=\"text-align: center;\">Bitkisel Ya\u011flar<\/td>\n<td style=\"text-align: center;\">M\u00fcrekkepler<\/td>\n<\/tr>\n<tr>\n<td style=\"text-align: center;\">Melas<\/td>\n<td style=\"text-align: center;\">Boyalar<\/td>\n<\/tr>\n<tr>\n<td style=\"text-align: center;\">Palm Ya\u011f\u0131<\/td>\n<td style=\"text-align: center;\">Em\u00fclsiyonlar<\/td>\n<\/tr>\n<tr>\n<td style=\"text-align: center;\">Bal\u0131k Ya\u011f\u0131<\/td>\n<td style=\"text-align: center;\">G\u00fcbreler<\/td>\n<\/tr>\n<tr>\n<td style=\"text-align: center;\">G\u0131da Ya\u011flar\u0131<\/td>\n<td style=\"text-align: center;\">Lateks<\/td>\n<\/tr>\n<tr>\n<td style=\"text-align: center;\">Glikoz<\/td>\n<td style=\"text-align: center;\">Yumu\u015fat\u0131c\u0131lar<\/td>\n<\/tr>\n<tr>\n<td style=\"text-align: center;\">Sorbitol<\/td>\n<td style=\"text-align: center;\">Tehlikeli Olmayan Kimyasallar<\/td>\n<\/tr>\n<tr>\n<td style=\"text-align: center;\">Meyve \u015eekeri<\/td>\n<td style=\"text-align: center;\">Herbisitler<\/td>\n<\/tr>\n<tr>\n<td style=\"text-align: center;\">Tatland\u0131r\u0131c\u0131lar<\/td>\n<td><\/td>\n<\/tr>\n<tr>\n<td dir=\"ltr\" style=\"text-align: center;\">Malt H\u00fclasas\u0131<\/td>\n<td style=\"text-align: center;\"><\/td>\n<\/tr>\n<tr>\n<td style=\"text-align: center;\">Ya\u011f Asitleri<\/td>\n<\/tr>\n<\/tbody>\n<\/table>\n<h4 style=\"text-align: left;\">\u00d6zellikler ve Avantajlar<\/h4>\n<div class=\"inner\" style=\"text-align: left;\">\u0130lk ve<strong>\u00a0tek<\/strong>\u00a0flexitank;<\/p>\n<p><strong>T\u0131rlar<br \/>\nSo\u011futmal\u0131<\/strong>\u00a0t\u0131rlar<br \/>\n<strong>40\u2019 ISO<\/strong>\u00a0ve so\u011futmal\u0131 konteynerler<br \/>\nKuzey Amerika\u00a0<strong>53ft\u00a0<\/strong>t\u0131rlar i\u00e7in uygundur<\/p>\n<p>\u0130ki ki\u015fiyle kolay\u00a0<strong>kurulum<\/strong><\/p>\n<p>Patentli, sa\u011flam\u00a0<strong>dalga<\/strong>\u00a0k\u0131ran tasar\u0131m ile<strong>\u00a0stabil<\/strong>\u00a0y\u00fck sa\u011flar<\/p>\n<p>Tek kullan\u0131ml\u0131k,\u00a0<strong>hijyenik<\/strong>\u00a0nakliye. Tankerin temizlik prosesinin yol a\u00e7t\u0131\u011f\u0131 kimyasal kirlilik riskini ortadan kald\u0131r\u0131r.<\/p>\n<p><strong>D\u00fc\u015f\u00fck<\/strong>\u00a0Kal\u0131nt\u0131<\/p>\n<p>Likit ta\u015f\u0131mac\u0131l\u0131\u011f\u0131 m\u00fcmk\u00fcn olmad\u0131\u011f\u0131nda\u00a0<strong>d\u00f6n\u00fc\u015f<\/strong>\u00a0y\u00fcklemesini geleneksel olarak yapma olana\u011f\u0131 sa\u011flar veya bu durum tam tersi i\u00e7inde ge\u00e7erlidir.<\/p>\n<p>Uzak b\u00f6lgelere\u00a0<strong>ekonomik<\/strong>\u00a0ula\u015f\u0131m imk\u00e2n\u0131 sa\u011flar<\/p>\n<p><strong>Global<\/strong>\u00a0nakliye trafi\u011finin dengesizli\u011finden kaynakl\u0131 tanker tedari\u011findeki gecikmelerin \u00f6n\u00fcne ge\u00e7er<\/p>\n<p>Hafif a\u011f\u0131rl\u0131\u011f\u0131ndan dolay\u0131\u00a0<strong>maksimum<\/strong>\u00a0y\u00fckleme yapabilme olana\u011f\u0131 sunar<\/p>\n<p>\u00c7evre dostu<\/p>\n<p>D\u00f6n\u00fc\u015f y\u00fcklemesi yap\u0131labildi\u011finden dolay\u0131 tankere oranla %40 d\u00fc\u015f\u00fck\u00a0<strong>karbon ayak izi<\/strong><\/p>\n<p>Kolay geri d\u00f6n\u00fc\u015f\u00fcm<\/p><\/div>\n<p><img loading=\"lazy\" class=\"alignnone size-full wp-image-2627\" src=\"http:\/\/www.itotrans.com\/wp-content\/uploads\/2018\/08\/049.jpg\" alt=\"\" width=\"2560\" height=\"1920\" srcset=\"http:\/\/itotrans.com\/wp-content\/uploads\/2018\/08\/049.jpg 2560w, http:\/\/itotrans.com\/wp-content\/uploads\/2018\/08\/049-600x450.jpg 600w, http:\/\/itotrans.com\/wp-content\/uploads\/2018\/08\/049-300x225.jpg 300w, http:\/\/itotrans.com\/wp-content\/uploads\/2018\/08\/049-768x576.jpg 768w, http:\/\/itotrans.com\/wp-content\/uploads\/2018\/08\/049-1024x768.jpg 1024w\" sizes=\"(max-width: 2560px) 100vw, 2560px\" \/> <img loading=\"lazy\" class=\"alignnone size-full wp-image-2628\" src=\"http:\/\/www.itotrans.com\/wp-content\/uploads\/2018\/08\/064.jpg\" alt=\"\" width=\"2560\" height=\"1920\" srcset=\"http:\/\/itotrans.com\/wp-content\/uploads\/2018\/08\/064.jpg 2560w, http:\/\/itotrans.com\/wp-content\/uploads\/2018\/08\/064-600x450.jpg 600w, http:\/\/itotrans.com\/wp-content\/uploads\/2018\/08\/064-300x225.jpg 300w, http:\/\/itotrans.com\/wp-content\/uploads\/2018\/08\/064-768x576.jpg 768w, http:\/\/itotrans.com\/wp-content\/uploads\/2018\/08\/064-1024x768.jpg 1024w\" sizes=\"(max-width: 2560px) 100vw, 2560px\" \/> <img loading=\"lazy\" class=\"alignnone size-full wp-image-2626\" src=\"http:\/\/www.itotrans.com\/wp-content\/uploads\/2018\/08\/038.jpg\" alt=\"\" width=\"2560\" height=\"1920\" srcset=\"http:\/\/itotrans.com\/wp-content\/uploads\/2018\/08\/038.jpg 2560w, http:\/\/itotrans.com\/wp-content\/uploads\/2018\/08\/038-600x450.jpg 600w, http:\/\/itotrans.com\/wp-content\/uploads\/2018\/08\/038-300x225.jpg 300w, http:\/\/itotrans.com\/wp-content\/uploads\/2018\/08\/038-768x576.jpg 768w, http:\/\/itotrans.com\/wp-content\/uploads\/2018\/08\/038-1024x768.jpg 1024w\" sizes=\"(max-width: 2560px) 100vw, 2560px\" \/> <img loading=\"lazy\" class=\"alignnone size-full wp-image-2625\" src=\"http:\/\/www.itotrans.com\/wp-content\/uploads\/2018\/08\/020.jpg\" alt=\"\" width=\"2560\" height=\"1920\" srcset=\"http:\/\/itotrans.com\/wp-content\/uploads\/2018\/08\/020.jpg 2560w, http:\/\/itotrans.com\/wp-content\/uploads\/2018\/08\/020-600x450.jpg 600w, http:\/\/itotrans.com\/wp-content\/uploads\/2018\/08\/020-300x225.jpg 300w, http:\/\/itotrans.com\/wp-content\/uploads\/2018\/08\/020-768x576.jpg 768w, http:\/\/itotrans.com\/wp-content\/uploads\/2018\/08\/020-1024x768.jpg 1024w\" sizes=\"(max-width: 2560px) 100vw, 2560px\" \/><\/p>\n<p><img loading=\"lazy\" class=\"alignnone size-full wp-image-2642\" src=\"http:\/\/www.itotrans.com\/wp-content\/uploads\/2018\/08\/on-kapak.jpg\" alt=\"\" width=\"1600\" height=\"1200\" srcset=\"http:\/\/itotrans.com\/wp-content\/uploads\/2018\/08\/on-kapak.jpg 1600w, http:\/\/itotrans.com\/wp-content\/uploads\/2018\/08\/on-kapak-600x450.jpg 600w, http:\/\/itotrans.com\/wp-content\/uploads\/2018\/08\/on-kapak-300x225.jpg 300w, http:\/\/itotrans.com\/wp-content\/uploads\/2018\/08\/on-kapak-768x576.jpg 768w, http:\/\/itotrans.com\/wp-content\/uploads\/2018\/08\/on-kapak-1024x768.jpg 1024w\" sizes=\"(max-width: 1600px) 100vw, 1600px\" \/><\/p>\n","protected":false},"excerpt":{"rendered":"<p>&nbsp; \u00a0\u0130.T.O TRANS uluslararas\u0131 ta\u015f\u0131mac\u0131l\u0131k\u00a0olarak D\u00d6KME SIVI TA\u015eIMASI T\u00dcRK\u0130YE&#8217;DEN iRAN&#8217;A VE ORTADO\u011eUYA TENTEL\u0130 T\u0130RLAR\u0130M\u0130Z \u0130LE YAPMAKDAY\u0130Z. FLEXTANK KULLANIMI \u0130LE TIRLARIMIZI KOLAYLIKLA KARA TANKER\u0130NE VEYA TANK KONTEYNERE D\u00d6N\u00dc\u015eT\u00dcREB\u0130L\u0130YORUZ. TEK YAPILMASI GEREKEN TA\u015eIMA YAPILACAK TIRIN TA\u015eIMA KAPAS\u0130TES\u0130NE VE TA\u015eINACAK SIVININ \u00d6ZG\u00dcL A\u011eIRLI\u011eINA G\u00d6RE KULLANILACAK FLEXTANK\u2019\u0130N HACM\u0130NE KARAR VERMEKT\u0130R. 16000 LT. \/ 18000 LT. \/ 20000 LT. \/ &hellip;<\/p>\n","protected":false},"author":2,"featured_media":2634,"parent":0,"menu_order":0,"comment_status":"closed","ping_status":"closed","template":"","meta":[],"yst_prominent_words":[],"_links":{"self":[{"href":"http:\/\/itotrans.com\/tr\/index.php?rest_route=\/wp\/v2\/pages\/2624"}],"collection":[{"href":"http:\/\/itotrans.com\/tr\/index.php?rest_route=\/wp\/v2\/pages"}],"about":[{"href":"http:\/\/itotrans.com\/tr\/index.php?rest_route=\/wp\/v2\/types\/page"}],"author":[{"embeddable":true,"href":"http:\/\/itotrans.com\/tr\/index.php?rest_route=\/wp\/v2\/users\/2"}],"replies":[{"embeddable":true,"href":"http:\/\/itotrans.com\/tr\/index.php?rest_route=%2Fwp%2Fv2%2Fcomments&post=2624"}],"version-history":[{"count":7,"href":"http:\/\/itotrans.com\/tr\/index.php?rest_route=\/wp\/v2\/pages\/2624\/revisions"}],"predecessor-version":[{"id":2643,"href":"http:\/\/itotrans.com\/tr\/index.php?rest_route=\/wp\/v2\/pages\/2624\/revisions\/2643"}],"wp:featuredmedia":[{"embeddable":true,"href":"http:\/\/itotrans.com\/tr\/index.php?rest_route=\/wp\/v2\/media\/2634"}],"wp:attachment":[{"href":"http:\/\/itotrans.com\/tr\/index.php?rest_route=%2Fwp%2Fv2%2Fmedia&parent=2624"}],"wp:term":[{"taxonomy":"yst_prominent_words","embeddable":true,"href":"http:\/\/itotrans.com\/tr\/index.php?rest_route=%2Fwp%2Fv2%2Fyst_prominent_words&post=2624"}],"curies":[{"name":"wp","href":"https:\/\/api.w.org\/{rel}","templated":true}]}}