{"id":2605,"date":"2018-08-08T11:38:21","date_gmt":"2018-08-08T11:38:21","guid":{"rendered":"http:\/\/www.itotrans.com\/?page_id=2605\/"},"modified":"2018-08-08T11:49:18","modified_gmt":"2018-08-08T11:49:18","slug":"transit-tasimaciligi","status":"publish","type":"page","link":"http:\/\/itotrans.com\/tr\/?page_id=2605","title":{"rendered":"Transit Ta\u015f\u0131mac\u0131l\u0131\u011f\u0131"},"content":{"rendered":"<p><img loading=\"lazy\" class=\"alignnone size-full wp-image-2607\" src=\"http:\/\/www.itotrans.com\/wp-content\/uploads\/2018\/08\/transit-map.png\" alt=\"\" width=\"1697\" height=\"961\" srcset=\"http:\/\/itotrans.com\/wp-content\/uploads\/2018\/08\/transit-map.png 1697w, http:\/\/itotrans.com\/wp-content\/uploads\/2018\/08\/transit-map-600x340.png 600w, http:\/\/itotrans.com\/wp-content\/uploads\/2018\/08\/transit-map-300x170.png 300w, http:\/\/itotrans.com\/wp-content\/uploads\/2018\/08\/transit-map-768x435.png 768w, http:\/\/itotrans.com\/wp-content\/uploads\/2018\/08\/transit-map-1024x580.png 1024w\" sizes=\"(max-width: 1697px) 100vw, 1697px\" \/><\/p>\n<p style=\"text-align: left;\">Herhangi bir \u00fclkede ba\u015flayan ve en az bir \u00fclke topraklar\u0131 \u00fczerinden ge\u00e7tikten sonra\u00a0 bir ba\u015fka \u00fclkede sona eren, ba\u015flama ve sona erme \u00fclkeleri d\u0131\u015f\u0131nda kalan \u00fclkeler \u00fczerinden yap\u0131lan\u00a0ta\u015f\u0131malar\u0131 kapsayan yolcu veya e\u015fya ta\u015f\u0131malar\u0131n\u0131 ifade eder. biz\u00a0<strong>\u0130.T.O TRANS uluslar aras\u0131 ta\u015f\u0131mac\u0131l\u0131k<\/strong>\u00a0olarak;<\/p>\n<p style=\"text-align: left;\">&#8211; Avrupa\u2019dan Iran\u2019a ,Irak ve T\u00fcrkiye\u2019ye komple ve parsiyel karayolu ta\u015f\u0131mac\u0131l\u0131\u011f\u0131,<br \/>\n&#8211; Avrupa\u2019dan Iran, Irak\u2019a T\u00fcrkiye aktarmal\u0131 komple ve parsiyel kombine (denizyolu + karayolu) ta\u015f\u0131mac\u0131l\u0131\u011f\u0131,<br \/>\n&#8211; T\u00fcm D\u00fcnya limanlar\u0131ndan parsiyel ve komple denizyolu ta\u015f\u0131mac\u0131l\u0131\u011f\u0131,<\/p>\n<p style=\"text-align: left;\">-Avrupa&#8217;dan iran&#8217;a<\/p>\n<p style=\"text-align: left;\">-Bulgaristan&#8217;dan iran&#8217;a<\/p>\n<p style=\"text-align: left;\">-Yunanistan&#8217;dan iran&#8217;a<\/p>\n<p style=\"text-align: left;\">-Romanya&#8217;dan iran&#8217;a<\/p>\n<p style=\"text-align: left;\">-\u0130talya&#8217;dan iran&#8217;a<\/p>\n<p style=\"text-align: left;\">-Amerikadan&#8217;dan iran&#8217;a<\/p>\n<p style=\"text-align: left;\">-Polonya&#8217;dan iran&#8217;a<\/p>\n<p style=\"text-align: left;\">-Almanya&#8217;dan iran&#8217;a<\/p>\n<p style=\"text-align: left;\">Transit g\u00fcmr\u00fckleme hizmetleri verilmekteyiz.<\/p>\n<p>&nbsp;<\/p>\n<p>&nbsp;<\/p>\n<p><img loading=\"lazy\" class=\"alignnone size-full wp-image-2606\" src=\"http:\/\/www.itotrans.com\/wp-content\/uploads\/2018\/08\/44959421-Logistics-concept-flat-banner-of-maritime-railway-land-and-air-transport-on-world-map-background-Stock-Vector.jpg\" alt=\"\" width=\"1300\" height=\"1083\" srcset=\"http:\/\/itotrans.com\/wp-content\/uploads\/2018\/08\/44959421-Logistics-concept-flat-banner-of-maritime-railway-land-and-air-transport-on-world-map-background-Stock-Vector.jpg 1300w, http:\/\/itotrans.com\/wp-content\/uploads\/2018\/08\/44959421-Logistics-concept-flat-banner-of-maritime-railway-land-and-air-transport-on-world-map-background-Stock-Vector-600x500.jpg 600w, http:\/\/itotrans.com\/wp-content\/uploads\/2018\/08\/44959421-Logistics-concept-flat-banner-of-maritime-railway-land-and-air-transport-on-world-map-background-Stock-Vector-300x250.jpg 300w, http:\/\/itotrans.com\/wp-content\/uploads\/2018\/08\/44959421-Logistics-concept-flat-banner-of-maritime-railway-land-and-air-transport-on-world-map-background-Stock-Vector-768x640.jpg 768w, http:\/\/itotrans.com\/wp-content\/uploads\/2018\/08\/44959421-Logistics-concept-flat-banner-of-maritime-railway-land-and-air-transport-on-world-map-background-Stock-Vector-1024x853.jpg 1024w\" sizes=\"(max-width: 1300px) 100vw, 1300px\" \/><\/p>\n","protected":false},"excerpt":{"rendered":"<p>Herhangi bir \u00fclkede ba\u015flayan ve en az bir \u00fclke topraklar\u0131 \u00fczerinden ge\u00e7tikten sonra\u00a0 bir ba\u015fka \u00fclkede sona eren, ba\u015flama ve sona erme \u00fclkeleri d\u0131\u015f\u0131nda kalan \u00fclkeler \u00fczerinden yap\u0131lan\u00a0ta\u015f\u0131malar\u0131 kapsayan yolcu veya e\u015fya ta\u015f\u0131malar\u0131n\u0131 ifade eder. biz\u00a0\u0130.T.O TRANS uluslar aras\u0131 ta\u015f\u0131mac\u0131l\u0131k\u00a0olarak; &#8211; Avrupa\u2019dan Iran\u2019a ,Irak ve T\u00fcrkiye\u2019ye komple ve parsiyel karayolu ta\u015f\u0131mac\u0131l\u0131\u011f\u0131, &#8211; Avrupa\u2019dan Iran, Irak\u2019a &hellip;<\/p>\n","protected":false},"author":2,"featured_media":2609,"parent":0,"menu_order":0,"comment_status":"closed","ping_status":"closed","template":"","meta":[],"yst_prominent_words":[],"_links":{"self":[{"href":"http:\/\/itotrans.com\/tr\/index.php?rest_route=\/wp\/v2\/pages\/2605"}],"collection":[{"href":"http:\/\/itotrans.com\/tr\/index.php?rest_route=\/wp\/v2\/pages"}],"about":[{"href":"http:\/\/itotrans.com\/tr\/index.php?rest_route=\/wp\/v2\/types\/page"}],"author":[{"embeddable":true,"href":"http:\/\/itotrans.com\/tr\/index.php?rest_route=\/wp\/v2\/users\/2"}],"replies":[{"embeddable":true,"href":"http:\/\/itotrans.com\/tr\/index.php?rest_route=%2Fwp%2Fv2%2Fcomments&post=2605"}],"version-history":[{"count":4,"href":"http:\/\/itotrans.com\/tr\/index.php?rest_route=\/wp\/v2\/pages\/2605\/revisions"}],"predecessor-version":[{"id":2615,"href":"http:\/\/itotrans.com\/tr\/index.php?rest_route=\/wp\/v2\/pages\/2605\/revisions\/2615"}],"wp:featuredmedia":[{"embeddable":true,"href":"http:\/\/itotrans.com\/tr\/index.php?rest_route=\/wp\/v2\/media\/2609"}],"wp:attachment":[{"href":"http:\/\/itotrans.com\/tr\/index.php?rest_route=%2Fwp%2Fv2%2Fmedia&parent=2605"}],"wp:term":[{"taxonomy":"yst_prominent_words","embeddable":true,"href":"http:\/\/itotrans.com\/tr\/index.php?rest_route=%2Fwp%2Fv2%2Fyst_prominent_words&post=2605"}],"curies":[{"name":"wp","href":"https:\/\/api.w.org\/{rel}","templated":true}]}}