{"id":2545,"date":"2018-07-23T13:59:42","date_gmt":"2018-07-23T13:59:42","guid":{"rendered":"http:\/\/www.itotrans.com\/?page_id=2545\/"},"modified":"2018-07-23T14:08:17","modified_gmt":"2018-07-23T14:08:17","slug":"fuar-tasimaciligi","status":"publish","type":"page","link":"http:\/\/itotrans.com\/tr\/?page_id=2545","title":{"rendered":"Fuar Ta\u015f\u0131mac\u0131l\u0131\u011f\u0131"},"content":{"rendered":"<p style=\"text-align: left;\">Bilindi\u011fi gibi fuar ta\u015f\u0131mac\u0131l\u0131\u011f\u0131 profesyonellik ve deneyim gerektiren bir s\u00fcre\u00e7tir. Firman\u0131z\u0131n gelece\u011fine y\u00f6n veren bu t\u00fcr organizasyonlarda bulunurken biz <strong>\u0130.T.O TRANS uluslar aras\u0131 ta\u015f\u0131mac\u0131l\u0131k<\/strong> olarak;<\/p>\n<p style=\"text-align: left;\">* En uygun ta\u015f\u0131ma modeli ile nakliyenin sa\u011flanmas\u0131 ( Kara, Deniz ve Hava )<\/p>\n<p style=\"text-align: left;\">* G\u00fcmr\u00fckleme ( T\u00fcrkiye ve yurt d\u0131\u015f\u0131), Ata karne hizmetleri,<\/p>\n<p style=\"text-align: left;\">* Fuar alan\u0131nda indirme, y\u00fckleme ve stand\u0131n\u0131za teslimat hizmetleri,<\/p>\n<p style=\"text-align: left;\">* Bo\u015flar\u0131n\u0131z\u0131n depolanma ve ta\u015f\u0131ma hizmetleri,<\/p>\n<p style=\"text-align: left;\">* Fuar Organizasyonu Te\u015fvik \u0130adesi i\u00e7in gerekli belgelerin verilmesi,<\/p>\n<p style=\"text-align: left;\">* Paketleme\u00a0ve depolama ( T\u00fcrkiye ve yurt d\u0131\u015f\u0131)<\/p>\n<p style=\"text-align: left;\">* Di\u011fer lojistik hizmetler,<\/p>\n<p style=\"text-align: left;\">* Fuar alan\u0131nda dan\u0131\u015fmanl\u0131k hizmetleri ile yan\u0131n\u0131zday\u0131z.<\/p>\n<p style=\"text-align: left;\"><img loading=\"lazy\" class=\"alignnone size-full wp-image-2548\" src=\"http:\/\/www.itotrans.com\/wp-content\/uploads\/2018\/07\/fuar-tasimaciligi.jpg\" alt=\"\" width=\"1180\" height=\"400\" srcset=\"http:\/\/itotrans.com\/wp-content\/uploads\/2018\/07\/fuar-tasimaciligi.jpg 1180w, http:\/\/itotrans.com\/wp-content\/uploads\/2018\/07\/fuar-tasimaciligi-600x203.jpg 600w, http:\/\/itotrans.com\/wp-content\/uploads\/2018\/07\/fuar-tasimaciligi-300x102.jpg 300w, http:\/\/itotrans.com\/wp-content\/uploads\/2018\/07\/fuar-tasimaciligi-768x260.jpg 768w, http:\/\/itotrans.com\/wp-content\/uploads\/2018\/07\/fuar-tasimaciligi-1024x347.jpg 1024w\" sizes=\"(max-width: 1180px) 100vw, 1180px\" \/><\/p>\n<p style=\"text-align: left;\">T\u00fcrkiye ve yurtd\u0131\u015f\u0131 fuar lojistik hizmetleri:<\/p>\n<p style=\"text-align: left;\"><strong>\u0130.T.O TRANS uluslar aras\u0131 ta\u015f\u0131mac\u0131l\u0131k\u00a0<\/strong>fuar lojisti\u011fi departman\u0131 fuarlarda kullan\u0131lan stand ekipmanlar\u0131 ve \u00fcr\u00fcnlerin fuar alan\u0131na nakliyesi, evrak haz\u0131rl\u0131\u011f\u0131, g\u00fcmr\u00fcklemesi, yeniden paketlenmesi ve geri d\u00f6n\u00fc\u015f\u00fcn\u00fcn sa\u011flanmas\u0131 konular\u0131nda m\u00fc\u015fteriyle ileti\u015fimi en \u00fcst d\u00fczeyde tutarak hizmet vermektedir. Yurtd\u0131\u015f\u0131ndaki fuarlarda sergilenmek \u00fczere g\u00f6nderilen malzemelerin deniz, hava ve karayoluyla g\u00f6nderimi ve g\u00fcvenilir acente a\u011f\u0131 sayesinde standa kadar teslimini sa\u011flamaktad\u0131r.<\/p>\n<p style=\"text-align: left;\">Bu t\u00fcr lojistik organizasyonlarda\u00a0<strong>\u0130.T.O TRANS uluslar aras\u0131 ta\u015f\u0131mac\u0131l\u0131k\u00a0<\/strong>fuar lojistik departman\u0131 sizlere hizmet vermekten mutluluk\u00a0duyacakt\u0131r.<\/p>\n<p>&nbsp;<\/p>\n<p><img loading=\"lazy\" class=\"size-full wp-image-2547 alignleft\" src=\"http:\/\/www.itotrans.com\/wp-content\/uploads\/2018\/07\/fuar-tasimaciligi-1.jpg\" alt=\"\" width=\"640\" height=\"222\" srcset=\"http:\/\/itotrans.com\/wp-content\/uploads\/2018\/07\/fuar-tasimaciligi-1.jpg 640w, http:\/\/itotrans.com\/wp-content\/uploads\/2018\/07\/fuar-tasimaciligi-1-600x208.jpg 600w, http:\/\/itotrans.com\/wp-content\/uploads\/2018\/07\/fuar-tasimaciligi-1-300x104.jpg 300w\" sizes=\"(max-width: 640px) 100vw, 640px\" \/><\/p>\n","protected":false},"excerpt":{"rendered":"<p>Bilindi\u011fi gibi fuar ta\u015f\u0131mac\u0131l\u0131\u011f\u0131 profesyonellik ve deneyim gerektiren bir s\u00fcre\u00e7tir. Firman\u0131z\u0131n gelece\u011fine y\u00f6n veren bu t\u00fcr organizasyonlarda bulunurken biz \u0130.T.O TRANS uluslar aras\u0131 ta\u015f\u0131mac\u0131l\u0131k olarak; * En uygun ta\u015f\u0131ma modeli ile nakliyenin sa\u011flanmas\u0131 ( Kara, Deniz ve Hava ) * G\u00fcmr\u00fckleme ( T\u00fcrkiye ve yurt d\u0131\u015f\u0131), Ata karne hizmetleri, * Fuar alan\u0131nda indirme, y\u00fckleme ve &hellip;<\/p>\n","protected":false},"author":2,"featured_media":2547,"parent":0,"menu_order":0,"comment_status":"closed","ping_status":"closed","template":"","meta":[],"yst_prominent_words":[],"_links":{"self":[{"href":"http:\/\/itotrans.com\/tr\/index.php?rest_route=\/wp\/v2\/pages\/2545"}],"collection":[{"href":"http:\/\/itotrans.com\/tr\/index.php?rest_route=\/wp\/v2\/pages"}],"about":[{"href":"http:\/\/itotrans.com\/tr\/index.php?rest_route=\/wp\/v2\/types\/page"}],"author":[{"embeddable":true,"href":"http:\/\/itotrans.com\/tr\/index.php?rest_route=\/wp\/v2\/users\/2"}],"replies":[{"embeddable":true,"href":"http:\/\/itotrans.com\/tr\/index.php?rest_route=%2Fwp%2Fv2%2Fcomments&post=2545"}],"version-history":[{"count":3,"href":"http:\/\/itotrans.com\/tr\/index.php?rest_route=\/wp\/v2\/pages\/2545\/revisions"}],"predecessor-version":[{"id":2553,"href":"http:\/\/itotrans.com\/tr\/index.php?rest_route=\/wp\/v2\/pages\/2545\/revisions\/2553"}],"wp:featuredmedia":[{"embeddable":true,"href":"http:\/\/itotrans.com\/tr\/index.php?rest_route=\/wp\/v2\/media\/2547"}],"wp:attachment":[{"href":"http:\/\/itotrans.com\/tr\/index.php?rest_route=%2Fwp%2Fv2%2Fmedia&parent=2545"}],"wp:term":[{"taxonomy":"yst_prominent_words","embeddable":true,"href":"http:\/\/itotrans.com\/tr\/index.php?rest_route=%2Fwp%2Fv2%2Fyst_prominent_words&post=2545"}],"curies":[{"name":"wp","href":"https:\/\/api.w.org\/{rel}","templated":true}]}}