{"id":2150,"date":"2018-03-22T08:19:21","date_gmt":"2018-03-22T08:19:21","guid":{"rendered":"http:\/\/www.itotrans.com\/?page_id=2150\/"},"modified":"2018-12-04T08:03:03","modified_gmt":"2018-12-04T08:03:03","slug":"agir-tasimaciligi","status":"publish","type":"page","link":"http:\/\/itotrans.com\/tr\/?page_id=2150","title":{"rendered":"A\u011f\u0131r Ta\u015f\u0131mac\u0131l\u0131\u011f\u0131"},"content":{"rendered":"<div class=\"wpCont fadeBottom wow\">\n<div id=\"post-7102\" class=\"post-7102 page type-page status-publish hentry\">\n<div class=\"entry-content\" style=\"text-align: left;\">\n<p align=\"justify\"><strong>\u0130.T.O TRANS uluslar aras\u0131 ta\u015f\u0131mac\u0131l\u0131k<\/strong>\u00a0, a\u011f\u0131r ta\u015fimacilik ( Lowbed Nakliyat ) tecr\u00fcbesini s\u00fcrekli geli\u015ftirerek m\u00fc\u015fterilerinin ihtiyac\u0131 olan Proje \u00e7al\u0131\u015fmalar\u0131n\u0131 \u00fcstlenmi\u015ftir. Uzmanl\u0131k ve m\u00fchendislik gerektiren, co\u011frafi konumdan ula\u015f\u0131lmas\u0131 en g\u00fc\u00e7 b\u00f6lgelere g\u00fcvenli ta\u015f\u0131ma modelini olu\u015fturmu\u015ftur. Yol analizi, \u00fclke prosed\u00fcrleri ve do\u011fru ekipman ihtiya\u00e7lar\u0131n\u0131 alan\u0131nda uzman kadrosu ile ger\u00e7ekle\u015ftirerek olas\u0131 riskleri \u00f6nceden tespit eder. \u00dclke ve d\u00fcnya genelinde bir\u00e7ok proje \u00e7al\u0131\u015fmas\u0131na imza atan <strong>\u0130.T.O TRANS uluslar aras\u0131 ta\u015f\u0131mac\u0131l\u0131k<\/strong> a\u011f\u0131r nakliye ta\u015f\u0131mac\u0131l\u0131\u011f\u0131nda g\u00fcc\u00fcn\u00fcze g\u00fc\u00e7 katar\u2026<\/p>\n<blockquote class=\"full\"><p>\u00a0 \u00a0 &#8230;.\u00a0 Hizmet Verdi\u011fimiz Sekt\u00f6rler : Enerji, Makine, \u0130n\u015faat, Otomotiv, Denizcilik, Maden, Telekom\u00fcnikasyon, Liman \u0130\u015fletmeleri<\/p><\/blockquote>\n<blockquote><p><img loading=\"lazy\" class=\"alignnone size-full wp-image-2541\" src=\"http:\/\/www.itotrans.com\/wp-content\/uploads\/2018\/03\/gabari2.jpg\" alt=\"\" width=\"650\" height=\"428\" srcset=\"http:\/\/itotrans.com\/wp-content\/uploads\/2018\/03\/gabari2.jpg 650w, http:\/\/itotrans.com\/wp-content\/uploads\/2018\/03\/gabari2-600x395.jpg 600w, http:\/\/itotrans.com\/wp-content\/uploads\/2018\/03\/gabari2-300x198.jpg 300w\" sizes=\"(max-width: 650px) 100vw, 650px\" \/> <img loading=\"lazy\" class=\"alignnone size-full wp-image-2540\" src=\"http:\/\/www.itotrans.com\/wp-content\/uploads\/2018\/03\/Derince-Liman-Vagon-Tasimasi-e1446557917129.jpg\" alt=\"\" width=\"940\" height=\"300\" srcset=\"http:\/\/itotrans.com\/wp-content\/uploads\/2018\/03\/Derince-Liman-Vagon-Tasimasi-e1446557917129.jpg 940w, http:\/\/itotrans.com\/wp-content\/uploads\/2018\/03\/Derince-Liman-Vagon-Tasimasi-e1446557917129-600x191.jpg 600w, http:\/\/itotrans.com\/wp-content\/uploads\/2018\/03\/Derince-Liman-Vagon-Tasimasi-e1446557917129-300x96.jpg 300w, http:\/\/itotrans.com\/wp-content\/uploads\/2018\/03\/Derince-Liman-Vagon-Tasimasi-e1446557917129-768x245.jpg 768w\" sizes=\"(max-width: 940px) 100vw, 940px\" \/> <img loading=\"lazy\" class=\"alignnone size-full wp-image-2539\" src=\"http:\/\/www.itotrans.com\/wp-content\/uploads\/2018\/03\/agir.jpg\" alt=\"ag\u0131r tas\u0131mac\u0131l\u0131k\" width=\"680\" height=\"230\" srcset=\"http:\/\/itotrans.com\/wp-content\/uploads\/2018\/03\/agir.jpg 680w, http:\/\/itotrans.com\/wp-content\/uploads\/2018\/03\/agir-600x203.jpg 600w, http:\/\/itotrans.com\/wp-content\/uploads\/2018\/03\/agir-300x101.jpg 300w\" sizes=\"(max-width: 680px) 100vw, 680px\" \/><\/p><\/blockquote>\n<\/div>\n<\/div>\n<\/div>\n","protected":false},"excerpt":{"rendered":"<p>\u0130.T.O TRANS uluslar aras\u0131 ta\u015f\u0131mac\u0131l\u0131k\u00a0, a\u011f\u0131r ta\u015fimacilik ( Lowbed Nakliyat ) tecr\u00fcbesini s\u00fcrekli geli\u015ftirerek m\u00fc\u015fterilerinin ihtiyac\u0131 olan Proje \u00e7al\u0131\u015fmalar\u0131n\u0131 \u00fcstlenmi\u015ftir. Uzmanl\u0131k ve m\u00fchendislik gerektiren, co\u011frafi konumdan ula\u015f\u0131lmas\u0131 en g\u00fc\u00e7 b\u00f6lgelere g\u00fcvenli ta\u015f\u0131ma modelini olu\u015fturmu\u015ftur. Yol analizi, \u00fclke prosed\u00fcrleri ve do\u011fru ekipman ihtiya\u00e7lar\u0131n\u0131 alan\u0131nda uzman kadrosu ile ger\u00e7ekle\u015ftirerek olas\u0131 riskleri \u00f6nceden tespit eder. \u00dclke ve d\u00fcnya &hellip;<\/p>\n","protected":false},"author":2,"featured_media":2542,"parent":0,"menu_order":0,"comment_status":"closed","ping_status":"closed","template":"","meta":[],"yst_prominent_words":[],"_links":{"self":[{"href":"http:\/\/itotrans.com\/tr\/index.php?rest_route=\/wp\/v2\/pages\/2150"}],"collection":[{"href":"http:\/\/itotrans.com\/tr\/index.php?rest_route=\/wp\/v2\/pages"}],"about":[{"href":"http:\/\/itotrans.com\/tr\/index.php?rest_route=\/wp\/v2\/types\/page"}],"author":[{"embeddable":true,"href":"http:\/\/itotrans.com\/tr\/index.php?rest_route=\/wp\/v2\/users\/2"}],"replies":[{"embeddable":true,"href":"http:\/\/itotrans.com\/tr\/index.php?rest_route=%2Fwp%2Fv2%2Fcomments&post=2150"}],"version-history":[{"count":4,"href":"http:\/\/itotrans.com\/tr\/index.php?rest_route=\/wp\/v2\/pages\/2150\/revisions"}],"predecessor-version":[{"id":2697,"href":"http:\/\/itotrans.com\/tr\/index.php?rest_route=\/wp\/v2\/pages\/2150\/revisions\/2697"}],"wp:featuredmedia":[{"embeddable":true,"href":"http:\/\/itotrans.com\/tr\/index.php?rest_route=\/wp\/v2\/media\/2542"}],"wp:attachment":[{"href":"http:\/\/itotrans.com\/tr\/index.php?rest_route=%2Fwp%2Fv2%2Fmedia&parent=2150"}],"wp:term":[{"taxonomy":"yst_prominent_words","embeddable":true,"href":"http:\/\/itotrans.com\/tr\/index.php?rest_route=%2Fwp%2Fv2%2Fyst_prominent_words&post=2150"}],"curies":[{"name":"wp","href":"https:\/\/api.w.org\/{rel}","templated":true}]}}