{"id":1962,"date":"2018-02-20T09:14:38","date_gmt":"2018-02-20T09:14:38","guid":{"rendered":"http:\/\/www.itotrans.com\/?page_id=1962\/"},"modified":"2018-12-10T20:08:41","modified_gmt":"2018-12-10T20:08:41","slug":"karayolu-tasimaciligi","status":"publish","type":"page","link":"http:\/\/itotrans.com\/tr\/?page_id=1962","title":{"rendered":"karayolu Ta\u015f\u0131mac\u0131l\u0131\u011f\u0131"},"content":{"rendered":"<h1 style=\"text-align: left;\"><\/h1>\n<p style=\"text-align: left;\">\u00a0<strong>I.T.O TRANS uluslararas\u0131 ta\u015f\u0131mac\u0131l\u0131k <\/strong>olarak<strong>\u00a0<\/strong>Kara ta\u015f\u0131mac\u0131l\u0131\u011f\u0131 (transit) ana hizmetlerinden biridir. \u015eirketimizin , en iyi nakliye transit hizmeti sa\u011flad\u0131\u011f\u0131\u00fclke \u0130ran &#8216;a hizmet\u00a0sunmaktad\u0131r. <a href=\"http:\/\/www.itotrans.com\"><strong>I.T.O TRANS uluslararas\u0131<\/strong><\/a>\u00a0Nakliye \u015eirketi&#8217;nin t\u00fcm ara\u00e7lar\u0131n\u0131n, mallar\u0131n emniyetini ve sa\u011fl\u0131\u011f\u0131n\u0131 garanti alt\u0131na alan ve ta\u015f\u0131may\u0131 h\u0131zland\u0131ran bir standard\u0131 vard\u0131r. Ta\u015f\u0131mac\u0131l\u0131k ara\u00e7lar\u0131m\u0131z\u0131n tamam\u0131 \u00fc\u00e7\u00fcnc\u00fc taraflarca lisanss\u0131z hizmetler sunmam\u0131z\u0131 sa\u011flayan CMR sigortas\u0131d\u0131r. I.T.O Trans uluslararas\u0131 nakliye \u015firketinin personeli size haftada yedi g\u00fcn ve g\u00fcnde 24 saat ula\u015fabilir ve d\u00fcnyan\u0131n uluslararas\u0131 mallar\u0131n ve dillerin uluslararas\u0131 nakliye kanunlar\u0131n\u0131n kurallar\u0131 mallar\u0131n\u0131z\u0131n var\u0131\u015f yerine ta\u015f\u0131nmas\u0131n\u0131 sa\u011flar. Zemin ta\u015f\u0131mac\u0131l\u0131\u011f\u0131 veya mallar\u0131n transit ge\u00e7i\u015fini deneyin.<\/p>\n<div id=\"pgc-916-0-1\" class=\"panel-grid-cell\" data-weight=\"0.5\">\n<div id=\"panel-916-0-1-0\" class=\"so-panel widget widget_black-studio-tinymce widget_black_studio_tinymce panel-first-child panel-last-child\" data-index=\"1\" data-style=\"{&quot;background_display&quot;:&quot;tile&quot;,&quot;featured_widgets&quot;:&quot;&quot;,&quot;bigger_title&quot;:&quot;&quot;}\">\n<div class=\"textwidget\">\n<p style=\"text-align: left;\"><img loading=\"lazy\" class=\"alignnone size-full wp-image-38\" src=\"http:\/\/www.itotrans.com\/wp-content\/uploads\/2015\/04\/8.jpg\" alt=\"karayolu Ta\u015f\u0131mac\u0131l\u0131\u011f\u0131\" width=\"848\" height=\"480\" srcset=\"http:\/\/itotrans.com\/wp-content\/uploads\/2015\/04\/8.jpg 848w, http:\/\/itotrans.com\/wp-content\/uploads\/2015\/04\/8-600x340.jpg 600w, http:\/\/itotrans.com\/wp-content\/uploads\/2015\/04\/8-300x170.jpg 300w, http:\/\/itotrans.com\/wp-content\/uploads\/2015\/04\/8-768x435.jpg 768w\" sizes=\"(max-width: 848px) 100vw, 848px\" \/><\/p>\n<h2 style=\"text-align: left;\">?Karayolu Ta\u015f\u0131ma Hizmetleri Nelerdir<\/h2>\n<p style=\"text-align: left;\">Kap\u0131dan kap\u0131ya kadar ta\u015f\u0131ma hizmeti sa\u011flayan f<a href=\"http:\/\/www.sahlojistik.com\/deniz-tasimaciligi\">i<\/a>rma sizlere en g\u00fcvenilir bir \u015fekilde hizmeti vermektedir. Komple ve parsiyel olmak \u00fczere iki \u015fekilde ta\u015f\u0131mac\u0131l\u0131k sa\u011flayan firma istedi\u011finiz miktardaki y\u00fck\u00fc ba\u015fka bir yere ula\u015ft\u0131rabilmenize yad\u0131mc\u0131 olmaktad\u0131r.<\/p>\n<p style=\"text-align: left;\">Firma olduk\u00e7a ekonomik fiyatlarla g\u00fcvenli hizmet vermektedir. T\u00fcrkiye\u2019nin her k\u00f6\u015fesine tam adrese teslim edilmek \u00fczere y\u00fck\u00fc sorunsuz bir \u015fekilde g\u00f6nderi yapma imkan\u0131 sa\u011flamaktad\u0131r. R\u00f6mork i\u00e7ine d\u00fczg\u00fcnce yerle\u015ftirilen e\u015fyalar\u0131n yol boyunca hasar g\u00f6rmesi engellenir.<\/p>\n<p style=\"text-align: left;\">Ayr\u0131ca a\u011f\u0131r y\u00fck veya proje gibi \u00f6zel e\u015fyalar\u0131n ta\u015f\u0131nmas\u0131na da yard\u0131mc\u0131 olan karayolu y\u00fck\u00fcn \u00f6zelliklerine g\u00f6re en uygun ara\u00e7 ile ta\u015f\u0131ma yap\u0131lmaktad\u0131r. Bu g\u00f6nderi noktalar\u0131nda profesyonel operasyon kadrosu hizmetinin<\/p>\n<p style=\"text-align: left;\"><img loading=\"lazy\" class=\"alignnone wp-image-47 alignleft\" src=\"http:\/\/www.itotrans.com\/wp-content\/uploads\/2015\/04\/17.jpg\" alt=\"karayolu Ta\u015f\u0131mac\u0131l\u0131\u011f\u0131\" width=\"848\" height=\"480\" srcset=\"http:\/\/itotrans.com\/wp-content\/uploads\/2015\/04\/17.jpg 848w, http:\/\/itotrans.com\/wp-content\/uploads\/2015\/04\/17-600x340.jpg 600w, http:\/\/itotrans.com\/wp-content\/uploads\/2015\/04\/17-300x170.jpg 300w, http:\/\/itotrans.com\/wp-content\/uploads\/2015\/04\/17-768x435.jpg 768w\" sizes=\"(max-width: 848px) 100vw, 848px\" \/><\/p>\n<\/div>\n<\/div>\n<\/div>\n<p>&nbsp;<\/p>\n<p>&nbsp;<\/p>\n<p>&nbsp;<\/p>\n<p>&nbsp;<\/p>\n<p>&nbsp;<\/p>\n<p>&nbsp;<\/p>\n<p>&nbsp;<\/p>\n<p>&nbsp;<\/p>\n<p>&nbsp;<\/p>\n<p>&nbsp;<\/p>\n<p>&nbsp;<\/p>\n<p>&nbsp;<\/p>\n<p>&nbsp;<\/p>\n<h1 style=\"text-align: left;\">karayolu tasimaciligi<\/h1>\n<p style=\"text-align: left;\">\u00a0iran karayolu ta\u015f\u0131mac\u0131l\u0131\u011f\u0131<\/p>\n<p style=\"text-align: left;\"><a href=\"http:\/\/www.itotr.com\">I.T.O GROUP<\/a><\/p>\n","protected":false},"excerpt":{"rendered":"<p>\u00a0I.T.O TRANS uluslararas\u0131 ta\u015f\u0131mac\u0131l\u0131k olarak\u00a0Kara ta\u015f\u0131mac\u0131l\u0131\u011f\u0131 (transit) ana hizmetlerinden biridir. \u015eirketimizin , en iyi nakliye transit hizmeti sa\u011flad\u0131\u011f\u0131\u00fclke \u0130ran &#8216;a hizmet\u00a0sunmaktad\u0131r. I.T.O TRANS uluslararas\u0131\u00a0Nakliye \u015eirketi&#8217;nin t\u00fcm ara\u00e7lar\u0131n\u0131n, mallar\u0131n emniyetini ve sa\u011fl\u0131\u011f\u0131n\u0131 garanti alt\u0131na alan ve ta\u015f\u0131may\u0131 h\u0131zland\u0131ran bir standard\u0131 vard\u0131r. Ta\u015f\u0131mac\u0131l\u0131k ara\u00e7lar\u0131m\u0131z\u0131n tamam\u0131 \u00fc\u00e7\u00fcnc\u00fc taraflarca lisanss\u0131z hizmetler sunmam\u0131z\u0131 sa\u011flayan CMR sigortas\u0131d\u0131r. I.T.O Trans uluslararas\u0131 nakliye &hellip;<\/p>\n","protected":false},"author":2,"featured_media":1712,"parent":0,"menu_order":0,"comment_status":"closed","ping_status":"closed","template":"","meta":[],"yst_prominent_words":[],"_links":{"self":[{"href":"http:\/\/itotrans.com\/tr\/index.php?rest_route=\/wp\/v2\/pages\/1962"}],"collection":[{"href":"http:\/\/itotrans.com\/tr\/index.php?rest_route=\/wp\/v2\/pages"}],"about":[{"href":"http:\/\/itotrans.com\/tr\/index.php?rest_route=\/wp\/v2\/types\/page"}],"author":[{"embeddable":true,"href":"http:\/\/itotrans.com\/tr\/index.php?rest_route=\/wp\/v2\/users\/2"}],"replies":[{"embeddable":true,"href":"http:\/\/itotrans.com\/tr\/index.php?rest_route=%2Fwp%2Fv2%2Fcomments&post=1962"}],"version-history":[{"count":20,"href":"http:\/\/itotrans.com\/tr\/index.php?rest_route=\/wp\/v2\/pages\/1962\/revisions"}],"predecessor-version":[{"id":2773,"href":"http:\/\/itotrans.com\/tr\/index.php?rest_route=\/wp\/v2\/pages\/1962\/revisions\/2773"}],"wp:featuredmedia":[{"embeddable":true,"href":"http:\/\/itotrans.com\/tr\/index.php?rest_route=\/wp\/v2\/media\/1712"}],"wp:attachment":[{"href":"http:\/\/itotrans.com\/tr\/index.php?rest_route=%2Fwp%2Fv2%2Fmedia&parent=1962"}],"wp:term":[{"taxonomy":"yst_prominent_words","embeddable":true,"href":"http:\/\/itotrans.com\/tr\/index.php?rest_route=%2Fwp%2Fv2%2Fyst_prominent_words&post=1962"}],"curies":[{"name":"wp","href":"https:\/\/api.w.org\/{rel}","templated":true}]}}